{"id":401,"date":"2023-09-26T20:40:28","date_gmt":"2023-09-26T20:40:28","guid":{"rendered":"https:\/\/goncaloestrelado.com\/?page_id=401"},"modified":"2023-12-05T13:33:20","modified_gmt":"2023-12-05T13:33:20","slug":"aftereffects","status":"publish","type":"page","link":"https:\/\/goncaloestrelado.com\/index.php\/aftereffects\/","title":{"rendered":"Adobe After Effects"},"content":{"rendered":"\t\t<div data-elementor-type=\"wp-page\" data-elementor-id=\"401\" class=\"elementor elementor-401\">\n\t\t\t\t\t\t<section class=\"elementor-section elementor-top-section elementor-element elementor-element-f22202b elementor-section-boxed elementor-section-height-default elementor-section-height-default\" data-id=\"f22202b\" data-element_type=\"section\" data-e-type=\"section\">\n\t\t\t\t\t\t<div class=\"elementor-container elementor-column-gap-default\">\n\t\t\t\t\t<div class=\"aux-parallax-section elementor-column elementor-col-100 elementor-top-column elementor-element elementor-element-88c25e7\" data-id=\"88c25e7\" data-element_type=\"column\" data-e-type=\"column\">\n\t\t\t<div class=\"elementor-widget-wrap elementor-element-populated\">\n\t\t\t\t\t\t<div class=\"elementor-element elementor-element-cdce16a elementor-widget elementor-widget-heading\" data-id=\"cdce16a\" data-element_type=\"widget\" data-e-type=\"widget\" data-widget_type=\"heading.default\">\n\t\t\t\t<div class=\"elementor-widget-container\">\n\t\t\t\t\t<h2 class=\"elementor-heading-title elementor-size-default\">Curso de Adobe After Effects<\/h2>\t\t\t\t<\/div>\n\t\t\t\t<\/div>\n\t\t\t\t\t<\/div>\n\t\t<\/div>\n\t\t\t\t\t<\/div>\n\t\t<\/section>\n\t\t\t\t<section class=\"elementor-section elementor-top-section elementor-element elementor-element-536a1f8 elementor-section-boxed elementor-section-height-default elementor-section-height-default\" data-id=\"536a1f8\" data-element_type=\"section\" data-e-type=\"section\">\n\t\t\t\t\t\t<div class=\"elementor-container elementor-column-gap-default\">\n\t\t\t\t\t<div class=\"aux-parallax-section elementor-column elementor-col-100 elementor-top-column elementor-element elementor-element-dd83abc\" data-id=\"dd83abc\" data-element_type=\"column\" data-e-type=\"column\">\n\t\t\t<div class=\"elementor-widget-wrap elementor-element-populated\">\n\t\t\t\t\t\t<div class=\"elementor-element elementor-element-8310b18 elementor-widget elementor-widget-image\" data-id=\"8310b18\" data-element_type=\"widget\" data-e-type=\"widget\" data-widget_type=\"image.default\">\n\t\t\t\t<div class=\"elementor-widget-container\">\n\t\t\t\t\t\t\t\t\t\t\t\t\t\t\t<img decoding=\"async\" src=\"https:\/\/goncaloestrelado.com\/wp-content\/uploads\/elementor\/thumbs\/sarath-p-raj-p8GmCEgSmmo-unsplash-scaled-e1695749716120-qczna8e59glwki18qkwwgnaupnxwk3b4xdqceee5yw.jpg\" title=\"sarath-p-raj-p8GmCEgSmmo-unsplash\" alt=\"sarath-p-raj-p8GmCEgSmmo-unsplash\" loading=\"lazy\" \/>\t\t\t\t\t\t\t\t\t\t\t\t\t\t\t<\/div>\n\t\t\t\t<\/div>\n\t\t\t\t<div class=\"elementor-element elementor-element-8610da1 elementor-widget elementor-widget-image\" data-id=\"8610da1\" data-element_type=\"widget\" data-e-type=\"widget\" data-widget_type=\"image.default\">\n\t\t\t\t<div class=\"elementor-widget-container\">\n\t\t\t\t\t\t\t\t\t\t\t\t\t\t\t<img decoding=\"async\" width=\"151\" height=\"139\" src=\"https:\/\/goncaloestrelado.com\/wp-content\/uploads\/2023\/09\/logo_ae.png\" class=\"attachment-medium size-medium wp-image-177\" alt=\"\" \/>\t\t\t\t\t\t\t\t\t\t\t\t\t\t\t<\/div>\n\t\t\t\t<\/div>\n\t\t\t\t\t<\/div>\n\t\t<\/div>\n\t\t\t\t\t<\/div>\n\t\t<\/section>\n\t\t\t\t<section class=\"elementor-section elementor-top-section elementor-element elementor-element-b37d617 elementor-section-boxed elementor-section-height-default elementor-section-height-default\" data-id=\"b37d617\" data-element_type=\"section\" data-e-type=\"section\">\n\t\t\t\t\t\t<div class=\"elementor-container elementor-column-gap-default\">\n\t\t\t\t\t<div class=\"aux-parallax-section elementor-column elementor-col-100 elementor-top-column elementor-element elementor-element-22358fd\" data-id=\"22358fd\" data-element_type=\"column\" data-e-type=\"column\">\n\t\t\t<div class=\"elementor-widget-wrap elementor-element-populated\">\n\t\t\t\t\t\t<div class=\"elementor-element elementor-element-05eb218 elementor-widget__width-initial elementor-widget elementor-widget-text-editor\" data-id=\"05eb218\" data-element_type=\"widget\" data-e-type=\"widget\" data-widget_type=\"text-editor.default\">\n\t\t\t\t<div class=\"elementor-widget-container\">\n\t\t\t\t\t\t\t\t\t<h2><em>O que vais aprender :\u00a0<\/em><\/h2><p>Este curso introdut\u00f3rio de After Effects \u00e9 projetado para iniciantes que desejam adquirir os fundamentos da anima\u00e7\u00e3o e p\u00f3s-produ\u00e7\u00e3o de v\u00eddeos. Durante as 30 horas de forma\u00e7\u00e3o, os participantes ir\u00e3o explorar as ferramentas e t\u00e9cnicas essenciais do After Effects.<\/p><h4><em>Conte\u00fado do Curso:<\/em><\/h4><div><ol><li><p><strong>Introdu\u00e7\u00e3o ao After Effects<\/strong><\/p><ul><li>Apresenta\u00e7\u00e3o da interface e principais ferramentas.<\/li><li>Importa\u00e7\u00e3o e organiza\u00e7\u00e3o de recursos.<\/li><\/ul><\/li><li><p><strong>Anima\u00e7\u00e3o B\u00e1sica e Trabalho com Shapes<\/strong><\/p><ul><li>Entendimento dos keyframes e suas aplica\u00e7\u00f5es.<\/li><li>Cria\u00e7\u00e3o de anima\u00e7\u00f5es simples e uso de formas b\u00e1sicas.<\/li><\/ul><\/li><li><p><strong>Trabalho com Camadas e Composi\u00e7\u00f5es<\/strong><\/p><ul><li>Organiza\u00e7\u00e3o e hierarquia de camadas.<\/li><li>Composi\u00e7\u00f5es e suas configura\u00e7\u00f5es.<\/li><\/ul><\/li><li><p><strong>Efeitos, Transi\u00e7\u00f5es e M\u00e1scaras<\/strong><\/p><ul><li>Aplica\u00e7\u00e3o de efeitos b\u00e1sicos para melhorar a composi\u00e7\u00e3o.<\/li><li>Cria\u00e7\u00e3o de transi\u00e7\u00f5es simples e utiliza\u00e7\u00e3o de m\u00e1scaras.<\/li><\/ul><\/li><li><p><strong>Introdu\u00e7\u00e3o ao Texto e T\u00edtulos<\/strong><\/p><ul><li>Adi\u00e7\u00e3o e anima\u00e7\u00e3o de texto.<\/li><li>Explora\u00e7\u00e3o de ferramentas de estiliza\u00e7\u00e3o.<\/li><\/ul><\/li><li><p><strong>Introdu\u00e7\u00e3o a Efeitos Visuais<\/strong><\/p><ul><li>Cria\u00e7\u00e3o de efeitos visuais simples.<\/li><\/ul><\/li><li><p><strong>Trabalho com \u00c1udio<\/strong><\/p><ul><li>Importa\u00e7\u00e3o e sincroniza\u00e7\u00e3o de \u00e1udio.<\/li><li>Aplica\u00e7\u00e3o de m\u00fasica de fundo e efeitos sonoros.<\/li><\/ul><\/li><li><p><strong>Exporta\u00e7\u00e3o e Renderiza\u00e7\u00e3o<\/strong><\/p><ul><li>Configura\u00e7\u00f5es de exporta\u00e7\u00e3o para diferentes plataformas.<\/li><li>Compreens\u00e3o dos formatos de arquivo.<\/li><\/ul><\/li><\/ol><ul style=\"font-size: 16px; white-space: pre-wrap; -webkit-tap-highlight-color: rgba(26, 26, 26, 0.3); list-style-type: disc; margin-top: 1.25em; margin-right: 0px; margin-bottom: 0px; padding-left: 0px; display: flex; flex-direction: column; caret-color: #374151; color: #374151; font-family: S\u00f6hne, ui-sans-serif, system-ui, -apple-system, 'Segoe UI', Roboto, Ubuntu, Cantarell, 'Noto Sans', sans-serif, 'Helvetica Neue', Arial, 'Apple Color Emoji', 'Segoe UI Emoji', 'Segoe UI Symbol', 'Noto Color Emoji'; -webkit-text-size-adjust: 100%; border: 0px solid #d9d9e3;\"><li style=\"border: 0px solid #d9d9e3; --tw-border-spacing-x: 0; --tw-border-spacing-y: 0; --tw-translate-x: 0; --tw-translate-y: 0; --tw-rotate: 0; --tw-skew-x: 0; --tw-skew-y: 0; --tw-scale-x: 1; --tw-scale-y: 1; --tw-scroll-snap-strictness: proximity; --tw-ring-offset-width: 0px; --tw-ring-offset-color: #fff; --tw-ring-color: rgba(69,89,164,0.5); --tw-ring-offset-shadow: 0 0 transparent; --tw-ring-shadow: 0 0 transparent; --tw-shadow: 0 0 transparent; --tw-shadow-colored: 0 0 transparent; padding-left: 0.375em; display: block; min-height: 28px;\">\u00a0<\/li><\/ul><\/div><p><em><b>Requisitos:<\/b><\/em><\/p><p>N\u00e3o \u00e9 necess\u00e1rio conhecimento pr\u00e9vio do Adobe After Effects.<\/p><p>Familiaridade b\u00e1sica com edi\u00e7\u00e3o de v\u00eddeo \u00e9 uma vantagem, mas n\u00e3o obrigat\u00f3ria.<\/p><p><em><b>Certifica\u00e7\u00e3o:<\/b><\/em><\/p><p>Ao concluir o curso com sucesso, os participantes receber\u00e3o um certificado reconhecido, atestando suas habilidades em anima\u00e7\u00e3o e motion graphics com o Adobe After Effects.<\/p><p><em><b>Investimento:<\/b><\/em><\/p><h5>O curso de 30 horas de Adobe After Effects est\u00e1 dispon\u00edvel por <b>500\u20ac<\/b>.<\/h5><h3><em style=\"font-size: 1.6875em; letter-spacing: 0px;\"><b>Inscri\u00e7\u00e3o:<\/b><\/em><\/h3><h4><b>Para te inscreveres, preenche o formul\u00e1rio de inscri\u00e7\u00e3o em baixo.<\/b><\/h4>\t\t\t\t\t\t\t\t<\/div>\n\t\t\t\t<\/div>\n\t\t\t\t\t<\/div>\n\t\t<\/div>\n\t\t\t\t\t<\/div>\n\t\t<\/section>\n\t\t\t\t<section class=\"elementor-section elementor-top-section elementor-element elementor-element-eeb7bda elementor-section-boxed elementor-section-height-default elementor-section-height-default\" data-id=\"eeb7bda\" data-element_type=\"section\" data-e-type=\"section\">\n\t\t\t\t\t\t<div class=\"elementor-container elementor-column-gap-default\">\n\t\t\t\t\t<div class=\"aux-parallax-section elementor-column elementor-col-100 elementor-top-column elementor-element elementor-element-3265524 aux-appear-watch-animation aux-fade-in-left\" data-id=\"3265524\" data-element_type=\"column\" data-e-type=\"column\" data-settings=\"{&quot;background_background&quot;:&quot;classic&quot;}\">\n\t\t\t<div class=\"elementor-widget-wrap elementor-element-populated\">\n\t\t\t\t\t\t<div class=\"elementor-element elementor-element-f0facca aux-appear-watch-animation aux-fade-in-up elementor-widget elementor-widget-aux_modern_heading\" data-id=\"f0facca\" data-element_type=\"widget\" data-e-type=\"widget\" data-widget_type=\"aux_modern_heading.default\">\n\t\t\t\t<div class=\"elementor-widget-container\">\n\t\t\t\t\t<section class=\"aux-widget-modern-heading\">\n            <div class=\"aux-widget-inner\"><h5 class=\"aux-modern-heading-primary\">Inscreve-te aqui! \n<\/h5><span class=\"aux-modern-heading-secondary\"><span class=\"aux-head-before\">Vais receber os dados de inscri\u00e7\u00e3o no teu email e basta fazer o pagamento da inscri\u00e7\u00e3o na forma\u00e7\u00e3o.  <\/span><\/span><div class=\"aux-modern-heading-description\"><p>*Os campos assinalados s\u00e3o de preenchimento obrigat\u00f3rio<\/p><\/div><\/div>\n        <\/section>\t\t\t\t<\/div>\n\t\t\t\t<\/div>\n\t\t\t\t<div class=\"elementor-element elementor-element-deda15d aux-appear-watch-animation aux-fade-in-up elementor-widget elementor-widget-aux_contact_form\" data-id=\"deda15d\" data-element_type=\"widget\" data-e-type=\"widget\" data-widget_type=\"aux_contact_form.default\">\n\t\t\t\t<div class=\"elementor-widget-container\">\n\t\t\t\t\t<section class=\"widget-container aux-widget-contact-form aux-parent-au36528e0d\">            <div class=\"aux-col-wrapper aux-no-gutter\">\n            <!-- @TODO - The output for element here -->\n\n            \n<div class=\"wpcf7 no-js\" id=\"wpcf7-f452-o1\" lang=\"pt-PT\" dir=\"ltr\" data-wpcf7-id=\"452\">\n<div class=\"screen-reader-response\"><p role=\"status\" aria-live=\"polite\" aria-atomic=\"true\"><\/p> <ul><\/ul><\/div>\n<form action=\"\/index.php\/wp-json\/wp\/v2\/pages\/401#wpcf7-f452-o1\" method=\"post\" class=\"wpcf7-form init\" aria-label=\"Formul\u00e1rio de contacto\" novalidate=\"novalidate\" data-status=\"init\">\n<fieldset class=\"hidden-fields-container\"><input type=\"hidden\" name=\"_wpcf7\" value=\"452\" \/><input type=\"hidden\" name=\"_wpcf7_version\" value=\"6.1.5\" \/><input type=\"hidden\" name=\"_wpcf7_locale\" value=\"pt_PT\" \/><input type=\"hidden\" name=\"_wpcf7_unit_tag\" value=\"wpcf7-f452-o1\" \/><input type=\"hidden\" name=\"_wpcf7_container_post\" value=\"0\" \/><input type=\"hidden\" name=\"_wpcf7_posted_data_hash\" value=\"\" \/>\n<\/fieldset>\n<p><label> Nome<br \/>\n<span class=\"wpcf7-form-control-wrap\" data-name=\"your-name\"><input size=\"40\" maxlength=\"400\" class=\"wpcf7-form-control wpcf7-text wpcf7-validates-as-required\" autocomplete=\"name\" aria-required=\"true\" aria-invalid=\"false\" value=\"\" type=\"text\" name=\"your-name\" \/><\/span> <\/label>\n<\/p>\n<p><label> Email<br \/>\n<span class=\"wpcf7-form-control-wrap\" data-name=\"your-email\"><input size=\"40\" maxlength=\"400\" class=\"wpcf7-form-control wpcf7-email wpcf7-validates-as-required wpcf7-text wpcf7-validates-as-email\" autocomplete=\"email\" aria-required=\"true\" aria-invalid=\"false\" value=\"\" type=\"email\" name=\"your-email\" \/><\/span> <\/label>\n<\/p>\n<p><label> Telefone<br \/>\n<span class=\"wpcf7-form-control-wrap\" data-name=\"tel-188\"><input size=\"40\" maxlength=\"400\" class=\"wpcf7-form-control wpcf7-tel wpcf7-validates-as-required wpcf7-text wpcf7-validates-as-tel\" aria-required=\"true\" aria-invalid=\"false\" value=\"\" type=\"tel\" name=\"tel-188\" \/><\/span><\/label>\n<\/p>\n<p><label> Alguma quest\u00e3o? (opcional)<br \/>\n<span class=\"wpcf7-form-control-wrap\" data-name=\"your-message\"><textarea cols=\"40\" rows=\"10\" maxlength=\"2000\" class=\"wpcf7-form-control wpcf7-textarea\" aria-invalid=\"false\" name=\"your-message\"><\/textarea><\/span> <\/label><br \/>\n<span id=\"wpcf7-69fddb3537d31-wrapper\" class=\"wpcf7-form-control-wrap honeypot-853-wrap\" ><input type=\"hidden\" name=\"honeypot-853-time-start\" value=\"1778244405\"><input type=\"hidden\" name=\"honeypot-853-time-check\" value=\"4\"><label for=\"wpcf7-69fddb3537d31-field\" class=\"hp-message\">Please leave this field empty.<\/label><input id=\"wpcf7-69fddb3537d31-field\"  class=\"wpcf7-form-control wpcf7-text\" type=\"text\" name=\"honeypot-853\" value=\"\" size=\"40\" tabindex=\"-1\" autocomplete=\"new-password\" \/><\/span>\n<\/p>\n<p><input class=\"wpcf7-form-control wpcf7-submit has-spinner\" type=\"submit\" value=\"Submeter\" \/>\n<\/p><div class=\"wpcf7-response-output\" aria-hidden=\"true\"><\/div>\n<\/form>\n<\/div>\n\n\n            <\/div><!-- aux-col-wrapper -->\n    <\/section><!-- widget-container -->\t\t\t\t<\/div>\n\t\t\t\t<\/div>\n\t\t\t\t\t<\/div>\n\t\t<\/div>\n\t\t\t\t\t<\/div>\n\t\t<\/section>\n\t\t\t\t<\/div>\n\t\t","protected":false},"excerpt":{"rendered":"<p>Curso de Adobe After Effects O que vais aprender :\u00a0 Este curso introdut\u00f3rio de After Effects \u00e9 projetado para iniciantes que desejam adquirir os fundamentos da anima\u00e7\u00e3o e p\u00f3s-produ\u00e7\u00e3o de v\u00eddeos. Durante as 30 horas de forma\u00e7\u00e3o, os participantes ir\u00e3o explorar as ferramentas e t\u00e9cnicas essenciais do After Effects. Conte\u00fado do Curso: Introdu\u00e7\u00e3o ao After [&hellip;]<\/p>\n","protected":false},"author":1,"featured_media":0,"parent":0,"menu_order":0,"comment_status":"closed","ping_status":"closed","template":"","meta":{"footnotes":""},"class_list":["post-401","page","type-page","status-publish","hentry"],"_links":{"self":[{"href":"https:\/\/goncaloestrelado.com\/index.php\/wp-json\/wp\/v2\/pages\/401","targetHints":{"allow":["GET"]}}],"collection":[{"href":"https:\/\/goncaloestrelado.com\/index.php\/wp-json\/wp\/v2\/pages"}],"about":[{"href":"https:\/\/goncaloestrelado.com\/index.php\/wp-json\/wp\/v2\/types\/page"}],"author":[{"embeddable":true,"href":"https:\/\/goncaloestrelado.com\/index.php\/wp-json\/wp\/v2\/users\/1"}],"replies":[{"embeddable":true,"href":"https:\/\/goncaloestrelado.com\/index.php\/wp-json\/wp\/v2\/comments?post=401"}],"version-history":[{"count":56,"href":"https:\/\/goncaloestrelado.com\/index.php\/wp-json\/wp\/v2\/pages\/401\/revisions"}],"predecessor-version":[{"id":5813,"href":"https:\/\/goncaloestrelado.com\/index.php\/wp-json\/wp\/v2\/pages\/401\/revisions\/5813"}],"wp:attachment":[{"href":"https:\/\/goncaloestrelado.com\/index.php\/wp-json\/wp\/v2\/media?parent=401"}],"curies":[{"name":"wp","href":"https:\/\/api.w.org\/{rel}","templated":true}]}}