{"id":572,"date":"2023-10-01T16:55:25","date_gmt":"2023-10-01T16:55:25","guid":{"rendered":"https:\/\/goncaloestrelado.com\/?page_id=572"},"modified":"2023-12-05T13:35:12","modified_gmt":"2023-12-05T13:35:12","slug":"elementor-572","status":"publish","type":"page","link":"https:\/\/goncaloestrelado.com\/index.php\/elementor-572\/","title":{"rendered":"Blackmagic Fusion"},"content":{"rendered":"\t\t<div data-elementor-type=\"wp-page\" data-elementor-id=\"572\" class=\"elementor elementor-572\">\n\t\t\t\t\t\t<section class=\"elementor-section elementor-top-section elementor-element elementor-element-37052ab elementor-section-boxed elementor-section-height-default elementor-section-height-default\" data-id=\"37052ab\" data-element_type=\"section\" data-e-type=\"section\">\n\t\t\t\t\t\t<div class=\"elementor-container elementor-column-gap-default\">\n\t\t\t\t\t<div class=\"aux-parallax-section elementor-column elementor-col-100 elementor-top-column elementor-element elementor-element-3b05603\" data-id=\"3b05603\" data-element_type=\"column\" data-e-type=\"column\">\n\t\t\t<div class=\"elementor-widget-wrap elementor-element-populated\">\n\t\t\t\t\t\t<div class=\"elementor-element elementor-element-6d46503 elementor-widget elementor-widget-heading\" data-id=\"6d46503\" data-element_type=\"widget\" data-e-type=\"widget\" data-widget_type=\"heading.default\">\n\t\t\t\t<div class=\"elementor-widget-container\">\n\t\t\t\t\t<h2 class=\"elementor-heading-title elementor-size-default\">Curso Blackmagic Fusion Studio<\/h2>\t\t\t\t<\/div>\n\t\t\t\t<\/div>\n\t\t\t\t\t<\/div>\n\t\t<\/div>\n\t\t\t\t\t<\/div>\n\t\t<\/section>\n\t\t\t\t<section class=\"elementor-section elementor-top-section elementor-element elementor-element-4b602c7 elementor-section-boxed elementor-section-height-default elementor-section-height-default\" data-id=\"4b602c7\" data-element_type=\"section\" data-e-type=\"section\">\n\t\t\t\t\t\t<div class=\"elementor-container elementor-column-gap-default\">\n\t\t\t\t\t<div class=\"aux-parallax-section elementor-column elementor-col-100 elementor-top-column elementor-element elementor-element-e6fa3eb\" data-id=\"e6fa3eb\" data-element_type=\"column\" data-e-type=\"column\">\n\t\t\t<div class=\"elementor-widget-wrap elementor-element-populated\">\n\t\t\t\t\t\t<div class=\"elementor-element elementor-element-c4c3982 elementor-widget elementor-widget-image\" data-id=\"c4c3982\" data-element_type=\"widget\" data-e-type=\"widget\" data-widget_type=\"image.default\">\n\t\t\t\t<div class=\"elementor-widget-container\">\n\t\t\t\t\t\t\t\t\t\t\t\t\t\t\t<img decoding=\"async\" src=\"https:\/\/goncaloestrelado.com\/wp-content\/uploads\/elementor\/thumbs\/motion-xxl@2x-scaled-qd8atm6sqfmevh2brzpopzfqxmqu3mlpwdh8oz8dyw.jpg\" title=\"motion-xxl@2x\" alt=\"motion-xxl@2x\" loading=\"lazy\" \/>\t\t\t\t\t\t\t\t\t\t\t\t\t\t\t<\/div>\n\t\t\t\t<\/div>\n\t\t\t\t<div class=\"elementor-element elementor-element-3fff948 elementor-widget elementor-widget-image\" data-id=\"3fff948\" data-element_type=\"widget\" data-e-type=\"widget\" data-widget_type=\"image.default\">\n\t\t\t\t<div class=\"elementor-widget-container\">\n\t\t\t\t\t\t\t\t\t\t\t\t\t\t\t<img decoding=\"async\" width=\"150\" height=\"150\" src=\"https:\/\/goncaloestrelado.com\/wp-content\/uploads\/2023\/10\/19c9a2f-icon-fusion-9-studio-512-150x150.png\" class=\"attachment-thumbnail size-thumbnail wp-image-575\" alt=\"\" srcset=\"https:\/\/goncaloestrelado.com\/wp-content\/uploads\/2023\/10\/19c9a2f-icon-fusion-9-studio-512-150x150.png 150w, https:\/\/goncaloestrelado.com\/wp-content\/uploads\/2023\/10\/19c9a2f-icon-fusion-9-studio-512-300x300.png 300w, https:\/\/goncaloestrelado.com\/wp-content\/uploads\/2023\/10\/19c9a2f-icon-fusion-9-studio-512-200x200.png 200w, https:\/\/goncaloestrelado.com\/wp-content\/uploads\/2023\/10\/19c9a2f-icon-fusion-9-studio-512.png 512w\" sizes=\"(max-width: 150px) 100vw, 150px\" \/>\t\t\t\t\t\t\t\t\t\t\t\t\t\t\t<\/div>\n\t\t\t\t<\/div>\n\t\t\t\t\t<\/div>\n\t\t<\/div>\n\t\t\t\t\t<\/div>\n\t\t<\/section>\n\t\t\t\t<section class=\"elementor-section elementor-top-section elementor-element elementor-element-6f7c9be elementor-section-boxed elementor-section-height-default elementor-section-height-default\" data-id=\"6f7c9be\" data-element_type=\"section\" data-e-type=\"section\">\n\t\t\t\t\t\t<div class=\"elementor-container elementor-column-gap-default\">\n\t\t\t\t\t<div class=\"aux-parallax-section elementor-column elementor-col-100 elementor-top-column elementor-element elementor-element-8e21299\" data-id=\"8e21299\" data-element_type=\"column\" data-e-type=\"column\">\n\t\t\t<div class=\"elementor-widget-wrap elementor-element-populated\">\n\t\t\t\t\t\t<div class=\"elementor-element elementor-element-011eef4 elementor-widget elementor-widget-text-editor\" data-id=\"011eef4\" data-element_type=\"widget\" data-e-type=\"widget\" data-widget_type=\"text-editor.default\">\n\t\t\t\t<div class=\"elementor-widget-container\">\n\t\t\t\t\t\t\t\t\t<h2><em>O que vais aprender :\u00a0<\/em><\/h2><p>Este curso introdut\u00f3rio de Blackmagic Fusion \u00e9 projetado para iniciantes que desejam adquirir os fundamentos da composi\u00e7\u00e3o visual e efeitos especiais. Durante as 30 horas de forma\u00e7\u00e3o, os participantes ir\u00e3o explorar as ferramentas e t\u00e9cnicas essenciais do Blackmagic Fusion.<\/p><h4><em>Conte\u00fado do Curso:<\/em><\/h4><div><ol><li><ol><li><p><strong>Introdu\u00e7\u00e3o ao Blackmagic Fusion<\/strong><\/p><ul><li>Apresenta\u00e7\u00e3o da interface e principais ferramentas.<\/li><li>Importa\u00e7\u00e3o e organiza\u00e7\u00e3o de recursos.<\/li><\/ul><\/li><li><p><strong>Composi\u00e7\u00e3o B\u00e1sica<\/strong><\/p><ul><li>Entendimento dos princ\u00edpios de composi\u00e7\u00e3o visual.<\/li><li>Uso de camadas e m\u00e1scaras.<\/li><\/ul><\/li><li><p><strong>Anima\u00e7\u00e3o e Movimento<\/strong><\/p><ul><li>Cria\u00e7\u00e3o de anima\u00e7\u00f5es simples.<\/li><li>Manipula\u00e7\u00e3o de movimento e trajet\u00f3rias.<\/li><\/ul><\/li><li><p><strong>Efeitos Visuais Avan\u00e7ados<\/strong><\/p><ul><li>Aplica\u00e7\u00e3o de efeitos especiais.<\/li><li>Integra\u00e7\u00e3o de elementos 3D.<\/li><\/ul><\/li><li><p><strong>Trabalho com Part\u00edculas<\/strong><\/p><ul><li>Cria\u00e7\u00e3o e manipula\u00e7\u00e3o de sistemas de part\u00edculas.<\/li><\/ul><\/li><li><p><strong>Corre\u00e7\u00e3o e Manipula\u00e7\u00e3o de Cores<\/strong><\/p><ul><li>Entendimento dos princ\u00edpios de coloriza\u00e7\u00e3o.<\/li><li>Aplica\u00e7\u00e3o de corre\u00e7\u00f5es de cor.<\/li><\/ul><\/li><li><p><strong>Integra\u00e7\u00e3o com Outras Ferramentas<\/strong><\/p><ul><li>Fluxos de trabalho eficazes com outras aplica\u00e7\u00f5es.<\/li><\/ul><\/li><li><p><strong>Renderiza\u00e7\u00e3o e Exporta\u00e7\u00e3o<\/strong><\/p><ul><li>Configura\u00e7\u00f5es de renderiza\u00e7\u00e3o para diferentes plataformas.<\/li><li>Compreens\u00e3o dos formatos de arquivo.<\/li><\/ul><\/li><\/ol><\/li><\/ol><ul style=\"font-size: 16px; white-space: pre-wrap; -webkit-tap-highlight-color: rgba(26, 26, 26, 0.3); list-style-type: disc; margin-top: 1.25em; margin-right: 0px; margin-bottom: 0px; padding-left: 0px; display: flex; flex-direction: column; caret-color: #374151; color: #374151; font-family: S\u00f6hne, ui-sans-serif, system-ui, -apple-system, 'Segoe UI', Roboto, Ubuntu, Cantarell, 'Noto Sans', sans-serif, 'Helvetica Neue', Arial, 'Apple Color Emoji', 'Segoe UI Emoji', 'Segoe UI Symbol', 'Noto Color Emoji'; -webkit-text-size-adjust: 100%; border: 0px solid #d9d9e3;\"><li style=\"border: 0px solid #d9d9e3; --tw-border-spacing-x: 0; --tw-border-spacing-y: 0; --tw-translate-x: 0; --tw-translate-y: 0; --tw-rotate: 0; --tw-skew-x: 0; --tw-skew-y: 0; --tw-scale-x: 1; --tw-scale-y: 1; --tw-scroll-snap-strictness: proximity; --tw-ring-offset-width: 0px; --tw-ring-offset-color: #fff; --tw-ring-color: rgba(69,89,164,0.5); --tw-ring-offset-shadow: 0 0 transparent; --tw-ring-shadow: 0 0 transparent; --tw-shadow: 0 0 transparent; --tw-shadow-colored: 0 0 transparent; padding-left: 0.375em; display: block; min-height: 28px;\">\u00a0<\/li><\/ul><\/div><p><em><b>Requisitos:<\/b><\/em><\/p><p>N\u00e3o \u00e9 necess\u00e1rio conhecimento pr\u00e9vio do Blackmagic Fusion.<\/p><p>Familiaridade b\u00e1sica com edi\u00e7\u00e3o de v\u00eddeo \u00e9 uma vantagem, mas n\u00e3o obrigat\u00f3ria.<\/p><p><em><b>Certifica\u00e7\u00e3o:<\/b><\/em><\/p><p>Ao concluir o curso com sucesso, os participantes receber\u00e3o um certificado reconhecido, atestando suas habilidades em anima\u00e7\u00e3o e motion graphics com o Fusion Studio.<\/p><p><em><b>Investimento:<\/b><\/em><\/p><p>O curso de 30 horas de Blackmagic Fusion est\u00e1 dispon\u00edvel por <b>500\u20ac<\/b>.<\/p><h3><em style=\"font-size: 1.6875em; letter-spacing: 0px;\"><b>Inscri\u00e7\u00e3o:<\/b><\/em><\/h3><h4><b>Para te inscreveres, preenche o formul\u00e1rio de inscri\u00e7\u00e3o em baixo.<\/b><\/h4>\t\t\t\t\t\t\t\t<\/div>\n\t\t\t\t<\/div>\n\t\t\t\t\t<\/div>\n\t\t<\/div>\n\t\t\t\t\t<\/div>\n\t\t<\/section>\n\t\t\t\t<section class=\"elementor-section elementor-top-section elementor-element elementor-element-7d10de9 elementor-section-boxed elementor-section-height-default elementor-section-height-default\" data-id=\"7d10de9\" data-element_type=\"section\" data-e-type=\"section\">\n\t\t\t\t\t\t<div class=\"elementor-container elementor-column-gap-default\">\n\t\t\t\t\t<div class=\"aux-parallax-section elementor-column elementor-col-100 elementor-top-column elementor-element elementor-element-bb5240b aux-appear-watch-animation aux-fade-in-left\" data-id=\"bb5240b\" data-element_type=\"column\" data-e-type=\"column\" data-settings=\"{&quot;background_background&quot;:&quot;classic&quot;}\">\n\t\t\t<div class=\"elementor-widget-wrap elementor-element-populated\">\n\t\t\t\t\t\t<div class=\"elementor-element elementor-element-e47d026 aux-appear-watch-animation aux-fade-in-up elementor-widget elementor-widget-aux_modern_heading\" data-id=\"e47d026\" data-element_type=\"widget\" data-e-type=\"widget\" data-widget_type=\"aux_modern_heading.default\">\n\t\t\t\t<div class=\"elementor-widget-container\">\n\t\t\t\t\t<section class=\"aux-widget-modern-heading\">\n            <div class=\"aux-widget-inner\"><h5 class=\"aux-modern-heading-primary\">Inscreve-te aqui! \n<\/h5><span class=\"aux-modern-heading-secondary\"><span class=\"aux-head-before\">Vais receber os dados de inscri\u00e7\u00e3o no teu email e basta fazer o pagamento da inscri\u00e7\u00e3o na forma\u00e7\u00e3o.  <\/span><\/span><div class=\"aux-modern-heading-description\"><p>*Os campos assinalados s\u00e3o de preenchimento obrigat\u00f3rio<\/p><\/div><\/div>\n        <\/section>\t\t\t\t<\/div>\n\t\t\t\t<\/div>\n\t\t\t\t<div class=\"elementor-element elementor-element-4f66841 aux-appear-watch-animation aux-fade-in-up elementor-widget elementor-widget-aux_contact_form\" data-id=\"4f66841\" data-element_type=\"widget\" data-e-type=\"widget\" data-widget_type=\"aux_contact_form.default\">\n\t\t\t\t<div class=\"elementor-widget-container\">\n\t\t\t\t\t<section class=\"widget-container aux-widget-contact-form aux-parent-au169611c8\">            <div class=\"aux-col-wrapper aux-no-gutter\">\n            <!-- @TODO - The output for element here -->\n\n            \n<div class=\"wpcf7 no-js\" id=\"wpcf7-f452-o1\" lang=\"pt-PT\" dir=\"ltr\" data-wpcf7-id=\"452\">\n<div class=\"screen-reader-response\"><p role=\"status\" aria-live=\"polite\" aria-atomic=\"true\"><\/p> <ul><\/ul><\/div>\n<form action=\"\/index.php\/wp-json\/wp\/v2\/pages\/572#wpcf7-f452-o1\" method=\"post\" class=\"wpcf7-form init\" aria-label=\"Formul\u00e1rio de contacto\" novalidate=\"novalidate\" data-status=\"init\">\n<fieldset class=\"hidden-fields-container\"><input type=\"hidden\" name=\"_wpcf7\" value=\"452\" \/><input type=\"hidden\" name=\"_wpcf7_version\" value=\"6.1.5\" \/><input type=\"hidden\" name=\"_wpcf7_locale\" value=\"pt_PT\" \/><input type=\"hidden\" name=\"_wpcf7_unit_tag\" value=\"wpcf7-f452-o1\" \/><input type=\"hidden\" name=\"_wpcf7_container_post\" value=\"0\" \/><input type=\"hidden\" name=\"_wpcf7_posted_data_hash\" value=\"\" \/>\n<\/fieldset>\n<p><label> Nome<br \/>\n<span class=\"wpcf7-form-control-wrap\" data-name=\"your-name\"><input size=\"40\" maxlength=\"400\" class=\"wpcf7-form-control wpcf7-text wpcf7-validates-as-required\" autocomplete=\"name\" aria-required=\"true\" aria-invalid=\"false\" value=\"\" type=\"text\" name=\"your-name\" \/><\/span> <\/label>\n<\/p>\n<p><label> Email<br \/>\n<span class=\"wpcf7-form-control-wrap\" data-name=\"your-email\"><input size=\"40\" maxlength=\"400\" class=\"wpcf7-form-control wpcf7-email wpcf7-validates-as-required wpcf7-text wpcf7-validates-as-email\" autocomplete=\"email\" aria-required=\"true\" aria-invalid=\"false\" value=\"\" type=\"email\" name=\"your-email\" \/><\/span> <\/label>\n<\/p>\n<p><label> Telefone<br \/>\n<span class=\"wpcf7-form-control-wrap\" data-name=\"tel-188\"><input size=\"40\" maxlength=\"400\" class=\"wpcf7-form-control wpcf7-tel wpcf7-validates-as-required wpcf7-text wpcf7-validates-as-tel\" aria-required=\"true\" aria-invalid=\"false\" value=\"\" type=\"tel\" name=\"tel-188\" \/><\/span><\/label>\n<\/p>\n<p><label> Alguma quest\u00e3o? (opcional)<br \/>\n<span class=\"wpcf7-form-control-wrap\" data-name=\"your-message\"><textarea cols=\"40\" rows=\"10\" maxlength=\"2000\" class=\"wpcf7-form-control wpcf7-textarea\" aria-invalid=\"false\" name=\"your-message\"><\/textarea><\/span> <\/label><br \/>\n<span id=\"wpcf7-69fddb04ea32a-wrapper\" class=\"wpcf7-form-control-wrap honeypot-853-wrap\" ><input type=\"hidden\" name=\"honeypot-853-time-start\" value=\"1778244356\"><input type=\"hidden\" name=\"honeypot-853-time-check\" value=\"4\"><label for=\"wpcf7-69fddb04ea32a-field\" class=\"hp-message\">Please leave this field empty.<\/label><input id=\"wpcf7-69fddb04ea32a-field\"  class=\"wpcf7-form-control wpcf7-text\" type=\"text\" name=\"honeypot-853\" value=\"\" size=\"40\" tabindex=\"-1\" autocomplete=\"new-password\" \/><\/span>\n<\/p>\n<p><input class=\"wpcf7-form-control wpcf7-submit has-spinner\" type=\"submit\" value=\"Submeter\" \/>\n<\/p><div class=\"wpcf7-response-output\" aria-hidden=\"true\"><\/div>\n<\/form>\n<\/div>\n\n\n            <\/div><!-- aux-col-wrapper -->\n    <\/section><!-- widget-container -->\t\t\t\t<\/div>\n\t\t\t\t<\/div>\n\t\t\t\t\t<\/div>\n\t\t<\/div>\n\t\t\t\t\t<\/div>\n\t\t<\/section>\n\t\t\t\t<\/div>\n\t\t","protected":false},"excerpt":{"rendered":"<p>Curso Blackmagic Fusion Studio O que vais aprender :\u00a0 Este curso introdut\u00f3rio de Blackmagic Fusion \u00e9 projetado para iniciantes que desejam adquirir os fundamentos da composi\u00e7\u00e3o visual e efeitos especiais. Durante as 30 horas de forma\u00e7\u00e3o, os participantes ir\u00e3o explorar as ferramentas e t\u00e9cnicas essenciais do Blackmagic Fusion. Conte\u00fado do Curso: Introdu\u00e7\u00e3o ao Blackmagic Fusion [&hellip;]<\/p>\n","protected":false},"author":1,"featured_media":0,"parent":0,"menu_order":0,"comment_status":"closed","ping_status":"closed","template":"","meta":{"footnotes":""},"class_list":["post-572","page","type-page","status-publish","hentry"],"_links":{"self":[{"href":"https:\/\/goncaloestrelado.com\/index.php\/wp-json\/wp\/v2\/pages\/572","targetHints":{"allow":["GET"]}}],"collection":[{"href":"https:\/\/goncaloestrelado.com\/index.php\/wp-json\/wp\/v2\/pages"}],"about":[{"href":"https:\/\/goncaloestrelado.com\/index.php\/wp-json\/wp\/v2\/types\/page"}],"author":[{"embeddable":true,"href":"https:\/\/goncaloestrelado.com\/index.php\/wp-json\/wp\/v2\/users\/1"}],"replies":[{"embeddable":true,"href":"https:\/\/goncaloestrelado.com\/index.php\/wp-json\/wp\/v2\/comments?post=572"}],"version-history":[{"count":14,"href":"https:\/\/goncaloestrelado.com\/index.php\/wp-json\/wp\/v2\/pages\/572\/revisions"}],"predecessor-version":[{"id":5826,"href":"https:\/\/goncaloestrelado.com\/index.php\/wp-json\/wp\/v2\/pages\/572\/revisions\/5826"}],"wp:attachment":[{"href":"https:\/\/goncaloestrelado.com\/index.php\/wp-json\/wp\/v2\/media?parent=572"}],"curies":[{"name":"wp","href":"https:\/\/api.w.org\/{rel}","templated":true}]}}